{"id":940,"date":"2025-07-04T15:57:51","date_gmt":"2025-07-04T20:57:51","guid":{"rendered":"https:\/\/marketingads.com.co\/ups\/?post_type=product&#038;p=940"},"modified":"2025-12-26T18:11:59","modified_gmt":"2025-12-26T18:11:59","slug":"tarjeta-snmp-card-apc","status":"publish","type":"product","link":"https:\/\/marketingads.co\/ups\/producto\/tarjeta-snmp-card-apc\/","title":{"rendered":"Tarjeta SNMP card APC"},"content":{"rendered":"<h4>Caracteristicas principales Tarjeta SNMP card APC:<\/h4>\n<ol>\n<li>nivel de eficiencia.<\/li>\n<li>Software de gesti\u00f3n.<\/li>\n<li>permite monitorear en forma sencilla la alimentaci\u00f3n de red y administrar su unidad UPS.<\/li>\n<li>SmartSlot.<\/li>\n<li>Manejo inteligente de la bater\u00eda.<\/li>\n<li>Maximiza el rendimiento, la vida \u00fatil y la confiabilidad de las bater\u00edas a trav\u00e9s de la carga inteligente y de precisi\u00f3n.<\/li>\n<li>Altura m\u00e1xima 26mm, 2.6cm.<\/li>\n<li>Anchura m\u00e1xima 52mm, 5.2cm.<\/li>\n<li>Profundidad m\u00e1xima 80mm, 8.0cm.<\/li>\n<li>Peso neto 0.03kg.<\/li>\n<li>Peso de env\u00edo 0.3kg.<\/li>\n<li>Altura bruta 60mm, 6.0cm.<\/li>\n<li>Anchura bruta 180mm, 18.0cm.<\/li>\n<li>Profundidad bruta 150mm, 15.0cm.<\/li>\n<li>Incluye: CD con software, Manual de usuario.<\/li>\n<\/ol>\n<h4>Aplicaciones en Diversos Sectores, Esta potente soluci\u00f3n encuentra su lugar en diversas industrias y negocios, como:<\/h4>\n<ul>\n<li>\ud83d\udcde <strong>Call Centers:<\/strong> Mant\u00e9n las comunicaciones ininterrumpidas y los datos protegidos durante cortes de energ\u00eda.<\/li>\n<li>\ud83d\udda5\ufe0f <strong>Servidores:<\/strong> Protege tus servidores y equipos de red para evitar p\u00e9rdidas de datos y tiempos de inactividad.<\/li>\n<li>\ud83c\udfe5 <strong>Sector M\u00e9dico:<\/strong> Asegura el funcionamiento continuo de equipos m\u00e9dicos y odontol\u00f3gicos cr\u00edticos para la atenci\u00f3n de pacientes.<\/li>\n<li>\ud83c\udfed <strong>Industria:<\/strong> Protege tus equipos industriales sensibles y evita da\u00f1os costosos debido a interrupciones de energ\u00eda.<\/li>\n<li>\ud83d\udc65 <strong>Empresas Medianas y Peque\u00f1as:<\/strong> Brinda tranquilidad a tu negocio sin importar su tama\u00f1o, asegurando la continuidad de operaciones esenciales.<\/li>\n<\/ul>\n<h4><strong>Recuerda que tambi\u00e9n contamos con el servicio de venta de equipos a nivel nacional:<\/strong><\/h4>\n<p>Venta UPS tipo torre, venta UPS interactiva, venta de UPS tipo rack, venta UPS Smart APC, venta UPS modular, venta UPS escalable, venta UPS online, UPS paralelo, UPS hibrida, UPS solar, Inversor Solar, UPS en serie, UPS contingencia, <a href=\"https:\/\/upscomunicaciones.com\/categoria-producto\/baterias-secas\/\">bater\u00edas secas<\/a>, tarjetas de control SNMP, inversores y <a href=\"https:\/\/es.wikipedia.org\/wiki\/Panel_solar\">paneles solares<\/a>.<\/p>\n","protected":false},"excerpt":{"rendered":"<p>El producto est\u00e1 dise\u00f1ado para ser eficiente en el consumo de energ\u00eda y ofrece una amplia gama de funciones, desde monitoreo y gesti\u00f3n hasta un manejo inteligente de la bater\u00eda. Su dise\u00f1o compacto y ligero facilita la instalaci\u00f3n y el uso. Adem\u00e1s, viene con el software necesario y un manual de usuario para una experiencia completa y efectiva.<\/p>\n","protected":false},"featured_media":965,"template":"","meta":[],"product_brand":[],"product_cat":[141,121],"product_tag":[],"class_list":{"0":"post-940","1":"product","2":"type-product","3":"status-publish","4":"has-post-thumbnail","6":"product_cat-tarjetas-snmp","7":"product_cat-ups-online","9":"first","10":"instock","11":"shipping-taxable","12":"product-type-simple"},"aioseo_notices":[],"_links":{"self":[{"href":"https:\/\/marketingads.co\/ups\/wp-json\/wp\/v2\/product\/940","targetHints":{"allow":["GET"]}}],"collection":[{"href":"https:\/\/marketingads.co\/ups\/wp-json\/wp\/v2\/product"}],"about":[{"href":"https:\/\/marketingads.co\/ups\/wp-json\/wp\/v2\/types\/product"}],"wp:featuredmedia":[{"embeddable":true,"href":"https:\/\/marketingads.co\/ups\/wp-json\/wp\/v2\/media\/965"}],"wp:attachment":[{"href":"https:\/\/marketingads.co\/ups\/wp-json\/wp\/v2\/media?parent=940"}],"wp:term":[{"taxonomy":"product_brand","embeddable":true,"href":"https:\/\/marketingads.co\/ups\/wp-json\/wp\/v2\/product_brand?post=940"},{"taxonomy":"product_cat","embeddable":true,"href":"https:\/\/marketingads.co\/ups\/wp-json\/wp\/v2\/product_cat?post=940"},{"taxonomy":"product_tag","embeddable":true,"href":"https:\/\/marketingads.co\/ups\/wp-json\/wp\/v2\/product_tag?post=940"}],"curies":[{"name":"wp","href":"https:\/\/api.w.org\/{rel}","templated":true}]}}