{"id":942,"date":"2025-07-04T15:57:53","date_gmt":"2025-07-04T20:57:53","guid":{"rendered":"https:\/\/marketingads.com.co\/ups\/?post_type=product&#038;p=942"},"modified":"2025-12-26T18:06:16","modified_gmt":"2025-12-26T18:06:16","slug":"tarjeta-de-red-snmp-vme","status":"publish","type":"product","link":"https:\/\/marketingads.co\/ups\/producto\/tarjeta-de-red-snmp-vme\/","title":{"rendered":"Tarjeta de red SNMP-VME"},"content":{"rendered":"<p>La Tarjeta de red SNMP-VME permite al servidor web monitorear y administrar m\u00faltiples unidades de UPS interconectadas en la red, incluyendo LAN e INTERNET.<\/p>\n<p>Al conectar la tarjeta a un dispositivo EMD (Dispositivo de monitoreo ambiental), tambi\u00e9n es posible detectar la humedad y temperatura existentes en el medio ambiente.<\/p>\n<p>El Asistente de apagado autom\u00e1tico integrado, el cual mediante la desconexi\u00f3n de la unidad en forma segura no s\u00f3lo evita la p\u00e9rdida de datos causada por fallas en el suministro de energ\u00eda el\u00e9ctrica, sino que tambi\u00e9n mantiene un registro de datos de configuraci\u00f3n, as\u00ed como de horarios de apagado predeterminados. Todas las advertencias y registro de fallas de la UPS pueden ser Almacenados en la tarjeta de red SNMP, la cual<\/p>\n<h4>Aplicaciones en Diversos Sectores, Esta potente soluci\u00f3n encuentra su lugar en diversas industrias y negocios, como:<\/h4>\n<ul>\n<li>\ud83d\udcde <strong>Call Centers:<\/strong> Mant\u00e9n las comunicaciones ininterrumpidas y los datos protegidos durante cortes de energ\u00eda.<\/li>\n<li>\ud83d\udda5\ufe0f <strong>Servidores:<\/strong> Protege tus servidores y equipos de red para evitar p\u00e9rdidas de datos y tiempos de inactividad.<\/li>\n<li>\ud83c\udfe5 <strong>Sector M\u00e9dico:<\/strong> Asegura el funcionamiento continuo de equipos m\u00e9dicos y odontol\u00f3gicos cr\u00edticos para la atenci\u00f3n de pacientes.<\/li>\n<li>\ud83c\udfed <strong>Industria:<\/strong> Protege tus equipos industriales sensibles y evita da\u00f1os costosos debido a interrupciones de energ\u00eda.<\/li>\n<li>\ud83d\udc65 <strong>Empresas Medianas y Peque\u00f1as:<\/strong> Brinda tranquilidad a tu negocio sin importar su tama\u00f1o, asegurando la continuidad de operaciones esenciales.<\/li>\n<\/ul>\n<h4><strong>Recuerda que tambi\u00e9n contamos con el servicio de venta de equipos a nivel nacional:<\/strong><\/h4>\n<p>Venta UPS tipo torre, venta UPS interactiva, venta de UPS tipo rack, venta UPS Smart APC, venta UPS modular, venta UPS escalable, venta UPS online, UPS paralelo, UPS hibrida, UPS solar, Inversor Solar, UPS en serie, UPS contingencia, <a href=\"https:\/\/upscomunicaciones.com\/categoria-producto\/baterias-secas\/?swcfpc=1\">bater\u00edas secas<\/a>, tarjetas de control SNMP, inversores y <a href=\"https:\/\/es.wikipedia.org\/wiki\/Panel_solar\">paneles solares<\/a>.<\/p>\n","protected":false},"excerpt":{"rendered":"<p>Destacada por el Asistente de Apagado Autom\u00e1tico integrado, el cual, mediante la desconexi\u00f3n segura de la unidad, no solo evita la p\u00e9rdida de datos causada por interrupciones en el suministro el\u00e9ctrico, sino que tambi\u00e9n registra datos de configuraci\u00f3n y horarios de apagado predeterminados. Todas las alertas y registros de fallos de la UPS pueden ser almacenados en la tarjeta de red SNMP.<\/p>\n","protected":false},"featured_media":967,"template":"","meta":[],"product_brand":[131],"product_cat":[141,121],"product_tag":[132],"class_list":{"0":"post-942","1":"product","2":"type-product","3":"status-publish","4":"has-post-thumbnail","6":"product_brand-vme","7":"product_cat-tarjetas-snmp","8":"product_cat-ups-online","9":"product_tag-vme","11":"first","12":"instock","13":"shipping-taxable","14":"product-type-simple"},"aioseo_notices":[],"_links":{"self":[{"href":"https:\/\/marketingads.co\/ups\/wp-json\/wp\/v2\/product\/942","targetHints":{"allow":["GET"]}}],"collection":[{"href":"https:\/\/marketingads.co\/ups\/wp-json\/wp\/v2\/product"}],"about":[{"href":"https:\/\/marketingads.co\/ups\/wp-json\/wp\/v2\/types\/product"}],"wp:featuredmedia":[{"embeddable":true,"href":"https:\/\/marketingads.co\/ups\/wp-json\/wp\/v2\/media\/967"}],"wp:attachment":[{"href":"https:\/\/marketingads.co\/ups\/wp-json\/wp\/v2\/media?parent=942"}],"wp:term":[{"taxonomy":"product_brand","embeddable":true,"href":"https:\/\/marketingads.co\/ups\/wp-json\/wp\/v2\/product_brand?post=942"},{"taxonomy":"product_cat","embeddable":true,"href":"https:\/\/marketingads.co\/ups\/wp-json\/wp\/v2\/product_cat?post=942"},{"taxonomy":"product_tag","embeddable":true,"href":"https:\/\/marketingads.co\/ups\/wp-json\/wp\/v2\/product_tag?post=942"}],"curies":[{"name":"wp","href":"https:\/\/api.w.org\/{rel}","templated":true}]}}