{"id":974,"date":"2025-07-04T16:08:07","date_gmt":"2025-07-04T21:08:07","guid":{"rendered":"https:\/\/marketingads.com.co\/ups\/?post_type=product&#038;p=974"},"modified":"2026-01-13T17:42:12","modified_gmt":"2026-01-13T17:42:12","slug":"ups-vme-650va-interactiva","status":"publish","type":"product","link":"https:\/\/marketingads.co\/ups\/producto\/ups-vme-650va-interactiva\/","title":{"rendered":"Ups VME 650VA Interactiva"},"content":{"rendered":"<p>La l\u00ednea de <strong>Ups VME 650VA Interactiva<\/strong>\u00a0son Ups ideales para el hogar o peque\u00f1as oficinas donde el consumo el\u00e9ctrico de sus equipos no exceda la capacidad de potencia el\u00e9ctrica que esta genera.\u00a0 Son de f\u00e1cil uso y mantenimiento, con est\u00e1ndares t\u00e9cnicos reconocidos RETIE. Su tama\u00f1o compacto permite que sean ubicadas en lugares reducidos.<\/p>\n<h4><strong>Caracter\u00edsticas:<\/strong><\/h4>\n<p>La l\u00ednea de <strong>Ups VME 650VA Interactiva, <\/strong>esta incre\u00edble serie incluye una gama de caracter\u00edsticas sobresalientes:<\/p>\n<ol>\n<li><strong><u>certificaci\u00f3n RETIE E ISO 9001<\/u><\/strong><\/li>\n<li><strong><a href=\"https:\/\/upscomunicaciones.com\/producto\/baterias-vme-fl-12v-7-5ah\/?swcfpc=1\">\u00a0Bater\u00eda<\/a> 12V\/7AH<\/strong> interna<\/li>\n<li><strong>\u00a0Regulador o estabilizador de voltaje<\/strong> de alta precisi\u00f3n y amplio rango de funcionamiento que reemplaza los estabilizadores el\u00e9ctricos convencionales.<\/li>\n<li><strong>\u00a0tomas de salida regulados<\/strong> con backup de bater\u00edas (4 Tomas color negro)<\/li>\n<li><strong>tomas Bypass<\/strong> (2 Tomas Color Blanco)<\/li>\n<li><strong>Porta fisible con Fusible<\/strong> interno de T10AMP\/250V<\/li>\n<li><strong>Cable de alimentaci\u00f3n<\/strong> el\u00e9ctrica de 1.5mts con protecci\u00f3n en la clavija<\/li>\n<li><strong>\u00a0Led Luminoso indicador<\/strong> de encendido y presencia de voltaje en la salida de los tomas<\/li>\n<li>Voltajes Soportados (Entrada 120V, Salida 120 \u00b1 10%), Variaci\u00f3n de tensi\u00f3n de entrada 81 &#8211; 145V, Regulaci\u00f3n de Voltaje 120V +\/- 10%.<\/li>\n<li>Cuando las condiciones de flujo el\u00e9ctrico son normales, el UPS le protege contra bajos y altos voltajes, mientras utilizan la energ\u00eda para cargar la bater\u00eda interna.<\/li>\n<\/ol>\n<h4>Aplicaciones en Diversos Sectores, Esta potente soluci\u00f3n encuentra su lugar en diversas industrias y negocios, como:<\/h4>\n<ul>\n<li>\ud83d\udcde <strong>Call Centers:<\/strong> Mant\u00e9n las comunicaciones ininterrumpidas y los datos protegidos durante cortes de energ\u00eda.<\/li>\n<li>\ud83d\udda5\ufe0f <strong>Servidores:<\/strong> Protege tus servidores y equipos de red para evitar p\u00e9rdidas de datos y tiempos de inactividad.<\/li>\n<li>\ud83c\udfe5 <strong>Sector M\u00e9dico:<\/strong> Asegura el funcionamiento continuo de equipos m\u00e9dicos y odontol\u00f3gicos cr\u00edticos para la atenci\u00f3n de pacientes.<\/li>\n<li>\ud83c\udfed <strong>Industria:<\/strong> Protege tus equipos industriales sensibles y evita da\u00f1os costosos debido a interrupciones de energ\u00eda.<\/li>\n<li>\ud83d\udc65 <strong>Empresas Medianas y Peque\u00f1as:<\/strong> Brinda tranquilidad a tu negocio sin importar su tama\u00f1o, asegurando la continuidad de operaciones esenciales.<\/li>\n<\/ul>\n<h4><strong>Recuerda que tambi\u00e9n contamos con el servicio de venta de equipos a nivel nacional:<\/strong><\/h4>\n<p>Venta <a href=\"https:\/\/upscomunicaciones.com\/categoria-producto\/ups-online\">UPS<\/a> tipo torre, venta UPS interactiva, venta de UPS tipo rack, venta UPS Smart APC, venta UPS modular, venta UPS escalable, venta UPS online, UPS paralelo, UPS hibrida, UPS solar, Inversor Solar, UPS en serie, UPS contingencia, bater\u00edas secas, tarjetas de control SNMP, inversores y <a href=\"https:\/\/es.wikipedia.org\/wiki\/Panel_solar\">paneles solares<\/a>.<\/p>\n","protected":false},"excerpt":{"rendered":"<p>Su regulador de alta precisi\u00f3n reemplaza los estabilizadores convencionales, asegurando un rendimiento \u00f3ptimo. Con 4 tomas de salida reguladas y respaldo de bater\u00edas en color negro, m\u00e1s 2 tomas Bypass en blanco, tendr\u00e1s la m\u00e1xima conectividad. Adem\u00e1s, cuenta con LED luminoso indicador y protecci\u00f3n de voltajes (Entrada 120V, Salida 120 \u00b1 10%).<\/p>\n<p>\u00a1Esta UPS te protege de variaciones entre 81-145V mientras carga la bater\u00eda interna!<\/p>\n","protected":false},"featured_media":978,"template":"","meta":[],"product_brand":[131],"product_cat":[120,142],"product_tag":[160,132],"class_list":{"0":"post-974","1":"product","2":"type-product","3":"status-publish","4":"has-post-thumbnail","6":"product_brand-vme","7":"product_cat-ups-interactiva","8":"product_cat-ups-vme-500va-2200va-interactiva","9":"product_tag-ups-interactiva","10":"product_tag-vme","12":"first","13":"instock","14":"shipping-taxable","15":"product-type-simple"},"aioseo_notices":[],"_links":{"self":[{"href":"https:\/\/marketingads.co\/ups\/wp-json\/wp\/v2\/product\/974","targetHints":{"allow":["GET"]}}],"collection":[{"href":"https:\/\/marketingads.co\/ups\/wp-json\/wp\/v2\/product"}],"about":[{"href":"https:\/\/marketingads.co\/ups\/wp-json\/wp\/v2\/types\/product"}],"wp:featuredmedia":[{"embeddable":true,"href":"https:\/\/marketingads.co\/ups\/wp-json\/wp\/v2\/media\/978"}],"wp:attachment":[{"href":"https:\/\/marketingads.co\/ups\/wp-json\/wp\/v2\/media?parent=974"}],"wp:term":[{"taxonomy":"product_brand","embeddable":true,"href":"https:\/\/marketingads.co\/ups\/wp-json\/wp\/v2\/product_brand?post=974"},{"taxonomy":"product_cat","embeddable":true,"href":"https:\/\/marketingads.co\/ups\/wp-json\/wp\/v2\/product_cat?post=974"},{"taxonomy":"product_tag","embeddable":true,"href":"https:\/\/marketingads.co\/ups\/wp-json\/wp\/v2\/product_tag?post=974"}],"curies":[{"name":"wp","href":"https:\/\/api.w.org\/{rel}","templated":true}]}}