{"id":975,"date":"2025-07-04T16:08:08","date_gmt":"2025-07-04T21:08:08","guid":{"rendered":"https:\/\/marketingads.com.co\/ups\/?post_type=product&#038;p=975"},"modified":"2026-01-13T16:57:17","modified_gmt":"2026-01-13T16:57:17","slug":"ups-vme-1200va-interactiva","status":"publish","type":"product","link":"https:\/\/marketingads.co\/ups\/producto\/ups-vme-1200va-interactiva\/","title":{"rendered":"Ups VME 1200VA Interactiva"},"content":{"rendered":"<p>La l\u00ednea de <strong>Ups VME 1200VA Interactiva<\/strong>\u00a0son Ups ideales para el hogar o peque\u00f1as oficinas donde el consumo el\u00e9ctrico de sus equipos no excede la capacidad de potencia el\u00e9ctrica que esta genera.\u00a0 Son de f\u00e1cil uso y mantenimiento, con est\u00e1ndares t\u00e9cnicos reconocidos RETIE.<\/p>\n<h4><strong>Caracter\u00edsticas:<\/strong><\/h4>\n<p>La l\u00ednea de<strong> Ups VME 1200VA Interactiva<\/strong>, esta Ups incluye las siguientes caracteristicas:<\/p>\n<ol>\n<li><strong><u>certificaci\u00f3n RETIE E ISO 9001<\/u><\/strong><\/li>\n<li><strong>2 <a href=\"https:\/\/es.wikipedia.org\/wiki\/Bater%C3%ADa_AGM\">Bater\u00eda<\/a> 12V\/7AH<\/strong> internas<\/li>\n<li><strong>Regulador o estabilizador de voltaje<\/strong> de alta precisi\u00f3n y amplio rango de funcionamiento que reemplaza los estabilizadores el\u00e9ctricos convencionales.<\/li>\n<li><strong>Protecci\u00f3n RJ45 <\/strong>de red de comunicaciones Modem o tel\u00e9fono<\/li>\n<li>1 puerto USB de comunicaci\u00f3n con PC<\/li>\n<li><strong>6 tomas de salida regulados<\/strong> con backup de bater\u00edas (Tomas color negro)<\/li>\n<li><strong>2 tomas Bypass<\/strong> (Tomas Color Blanco)<\/li>\n<li>1 Mini interruptor de viaje portador de fusible enchufe 12Amp<\/li>\n<li><strong>Cable de alimentaci\u00f3n<\/strong> el\u00e9ctrica de 1.8mts con protecci\u00f3n en la clavija<\/li>\n<li><strong>3 Led Luminoso indicador<\/strong> de encendido, de trabajo en bater\u00eda y de falla<\/li>\n<li>Voltajes Soportados (Entrada 120V, Salida 120 \u00b1 10%), Variaci\u00f3n de tensi\u00f3n de entrada 81 &#8211; 145V, Regulaci\u00f3n de Voltaje 120V +\/- 10%.<\/li>\n<li>Cuando las condiciones de flujo el\u00e9ctrico son normales, el UPS le protege contra bajos y altos voltajes, mientras utilizan la energ\u00eda para cargar la bater\u00eda interna.<\/li>\n<\/ol>\n<h4>Aplicaciones en Diversos Sectores, Esta potente soluci\u00f3n encuentra su lugar en diversas industrias y negocios, como:<\/h4>\n<ul>\n<li>\ud83d\udcde <strong>Call Centers:<\/strong> Mant\u00e9n las comunicaciones ininterrumpidas y los datos protegidos durante cortes de energ\u00eda.<\/li>\n<li>\ud83d\udda5\ufe0f <strong>Servidores:<\/strong> Protege tus servidores y equipos de red para evitar p\u00e9rdidas de datos y tiempos de inactividad.<\/li>\n<li>\ud83c\udfe5 <strong>Sector M\u00e9dico:<\/strong> Asegura el funcionamiento continuo de equipos m\u00e9dicos y odontol\u00f3gicos cr\u00edticos para la atenci\u00f3n de pacientes.<\/li>\n<li>\ud83c\udfed <strong>Industria:<\/strong> Protege tus equipos industriales sensibles y evita da\u00f1os costosos debido a interrupciones de energ\u00eda.<\/li>\n<li>\ud83d\udc65 <strong>Empresas Medianas y Peque\u00f1as:<\/strong> Brinda tranquilidad a tu negocio sin importar su tama\u00f1o, asegurando la continuidad de operaciones esenciales.<\/li>\n<\/ul>\n<h4><strong>Recuerda que tambi\u00e9n contamos con el servicio de venta de equipos a nivel nacional:<\/strong><\/h4>\n<p>Venta <a href=\"https:\/\/upscomunicaciones.com\/categoria-producto\/ups-online\/?swcfpc=1\">UPS<\/a> tipo torre, venta UPS interactiva, venta de UPS tipo rack, venta UPS Smart APC, venta UPS modular, venta UPS escalable, venta UPS online, UPS paralelo, UPS hibrida, UPS solar, Inversor Solar, UPS en serie, UPS contingencia, bater\u00edas secas, tarjetas de control SNMP, inversores y <a href=\"https:\/\/es.wikipedia.org\/wiki\/Panel_solar\">paneles solares<\/a>.<\/p>\n","protected":false},"excerpt":{"rendered":"<p>Nuestra UPS con certificaci\u00f3n RETIE e ISO 9001 garantiza protecci\u00f3n y eficiencia sin igual. Con 2 Bater\u00edas internas 12V\/7AH, un regulador de alta precisi\u00f3n y protecci\u00f3n RJ45 para comunicaciones, nunca te quedar\u00e1s sin energ\u00eda, cuant con 6 tomas reguladas con backup y 2 tomas Bypass en blanco te ofrecen conectividad total.<\/p>\n","protected":false},"featured_media":981,"template":"","meta":[],"product_brand":[131],"product_cat":[120,142],"product_tag":[160,132],"class_list":{"0":"post-975","1":"product","2":"type-product","3":"status-publish","4":"has-post-thumbnail","6":"product_brand-vme","7":"product_cat-ups-interactiva","8":"product_cat-ups-vme-500va-2200va-interactiva","9":"product_tag-ups-interactiva","10":"product_tag-vme","12":"first","13":"instock","14":"shipping-taxable","15":"product-type-simple"},"aioseo_notices":[],"_links":{"self":[{"href":"https:\/\/marketingads.co\/ups\/wp-json\/wp\/v2\/product\/975","targetHints":{"allow":["GET"]}}],"collection":[{"href":"https:\/\/marketingads.co\/ups\/wp-json\/wp\/v2\/product"}],"about":[{"href":"https:\/\/marketingads.co\/ups\/wp-json\/wp\/v2\/types\/product"}],"wp:featuredmedia":[{"embeddable":true,"href":"https:\/\/marketingads.co\/ups\/wp-json\/wp\/v2\/media\/981"}],"wp:attachment":[{"href":"https:\/\/marketingads.co\/ups\/wp-json\/wp\/v2\/media?parent=975"}],"wp:term":[{"taxonomy":"product_brand","embeddable":true,"href":"https:\/\/marketingads.co\/ups\/wp-json\/wp\/v2\/product_brand?post=975"},{"taxonomy":"product_cat","embeddable":true,"href":"https:\/\/marketingads.co\/ups\/wp-json\/wp\/v2\/product_cat?post=975"},{"taxonomy":"product_tag","embeddable":true,"href":"https:\/\/marketingads.co\/ups\/wp-json\/wp\/v2\/product_tag?post=975"}],"curies":[{"name":"wp","href":"https:\/\/api.w.org\/{rel}","templated":true}]}}