{"id":976,"date":"2025-07-04T16:08:09","date_gmt":"2025-07-04T21:08:09","guid":{"rendered":"https:\/\/marketingads.com.co\/ups\/?post_type=product&#038;p=976"},"modified":"2026-01-13T16:52:02","modified_gmt":"2026-01-13T16:52:02","slug":"ups-vme-2200va-interactiva","status":"publish","type":"product","link":"https:\/\/marketingads.co\/ups\/producto\/ups-vme-2200va-interactiva\/","title":{"rendered":"Ups VME 2200VA Interactiva"},"content":{"rendered":"<p>La <strong>Ups VME 2200VA Interactiva<\/strong> te ofrece un dise\u00f1o compacto y eficiente con la mayor cantidad de tomas en su categor\u00eda. Gracias al control del microprocesador, disfrutar\u00e1s de una alta fiabilidad. Su salida de onda sinusoidal simulada garantiza un rendimiento \u00f3ptimo. Adem\u00e1s, cuenta con carga en modo apagado y funci\u00f3n de arranque en fr\u00edo. Es compatible con generador (opci\u00f3nal) y posee un robusto estabilizador de voltaje (AVR) para mantener una corriente estable. Con la funci\u00f3n de reinicio autom\u00e1tico tras una ca\u00edda de tensi\u00f3n el\u00e9ctrica, estar\u00e1s siempre protegido y conectado sin interrupciones.<\/p>\n<h4><strong>CARACTERISTICAS:<\/strong><\/h4>\n<p>La l\u00ednea de <strong>Ups VME 2200VA <a href=\"https:\/\/upscomunicaciones.com\/categoria-producto\/ups-interactiva\">Interactiva <\/a><\/strong>cuenta con las siguientes caracteristicas<strong>:<\/strong><\/p>\n<ol>\n<li><strong><u>certificaci\u00f3n RETIE E ISO 9001<\/u><\/strong><\/li>\n<li><strong>2 Bater\u00eda 12V\/7AH<\/strong> internas<\/li>\n<li><strong>Regulador o estabilizador de voltaje<\/strong> de alta precisi\u00f3n y amplio rango de funcionamiento que reemplaza los estabilizadores el\u00e9ctricos convencionales.<\/li>\n<li><strong>\u00a0Protecci\u00f3n RJ45 <\/strong>de red de comunicaciones Modem o tel\u00e9fono<\/li>\n<li><strong>Ventilador<\/strong> de refrigeraci\u00f3n de temperatura interna<\/li>\n<li><strong>1 puerto USB<\/strong> de comunicaci\u00f3n con PC<\/li>\n<li><strong>6 tomas de salida regulados<\/strong> con backup de bater\u00edas (Tomas color negro)<\/li>\n<li><strong>2 tomas Bypass<\/strong> (Tomas Color Blanco)<\/li>\n<li>1 Mini interruptor de viaje portador de fusible enchufe 12Amp<\/li>\n<li><strong>1 Cable de alimentaci\u00f3n<\/strong> el\u00e9ctrica de 1.8mts con protecci\u00f3n en la clavija<\/li>\n<li><strong>3 Led Luminoso indicador<\/strong> de encendido, de trabajo en bater\u00eda y de falla<\/li>\n<li>Voltajes Soportados (Entrada 120V, Salida 120 \u00b1 10%), Variaci\u00f3n de tensi\u00f3n de entrada 81 &#8211; 145V, Regulaci\u00f3n de Voltaje 120V +\/- 10%.<\/li>\n<li>Cuando las condiciones de flujo el\u00e9ctrico son normales, el UPS le protege contra bajos y altos voltajes, mientras utilizan la energ\u00eda para cargar la bater\u00eda interna.<\/li>\n<\/ol>\n<h4>Aplicaciones en Diversos Sectores, Esta potente soluci\u00f3n encuentra su lugar en diversas industrias y negocios, como:<\/h4>\n<ul>\n<li>\ud83d\udcde <strong>Call Centers:<\/strong> Mant\u00e9n las comunicaciones ininterrumpidas y los datos protegidos durante cortes de energ\u00eda.<\/li>\n<li>\ud83d\udda5\ufe0f <strong>Servidores:<\/strong> Protege tus servidores y equipos de red para evitar p\u00e9rdidas de datos y tiempos de inactividad.<\/li>\n<li>\ud83c\udfe5 <strong>Sector M\u00e9dico:<\/strong> Asegura el funcionamiento continuo de equipos m\u00e9dicos y odontol\u00f3gicos cr\u00edticos para la atenci\u00f3n de pacientes.<\/li>\n<li>\ud83c\udfed <strong>Industria:<\/strong> Protege tus equipos industriales sensibles y evita da\u00f1os costosos debido a interrupciones de energ\u00eda.<\/li>\n<li>\ud83d\udc65 <strong>Empresas Medianas y Peque\u00f1as:<\/strong> Brinda tranquilidad a tu negocio sin importar su tama\u00f1o, asegurando la continuidad de operaciones esenciales.<\/li>\n<\/ul>\n<h4><strong>Recuerda que tambi\u00e9n contamos con el servicio de venta de equipos a nivel nacional:<\/strong><\/h4>\n<p>Venta <a href=\"https:\/\/upscomunicaciones.com\/categoria-producto\/ups-online\/\">UPS<\/a> tipo torre, venta UPS interactiva, venta de UPS tipo rack, venta UPS Smart APC, venta UPS modular, venta UPS escalable, venta UPS online, UPS paralelo, UPS hibrida, UPS solar, Inversor Solar, UPS en serie, UPS contingencia, bater\u00edas secas, tarjetas de control SNMP, inversores y <a href=\"https:\/\/es.wikipedia.org\/wiki\/Panel_solar\">paneles solares<\/a>.<\/p>\n","protected":false},"excerpt":{"rendered":"<p>Presentamos la innovadora l\u00ednea de UPS INTERACTIVAS VME DE 1200VA, respaldada por la certificaci\u00f3n RETIE E ISO 9001. Con 2 Bater\u00edas internas de 12V\/7AH, su regulador de voltaje de alta precisi\u00f3n reemplaza estabilizadores convencionales. Adem\u00e1s, cuenta con protecci\u00f3n RJ45 para red de comunicaciones y un eficiente ventilador de refrigeraci\u00f3n interna. Con 6 tomas de salida reguladas con backup (negras) y 2 tomas Bypass (blancas), siempre estar\u00e1s conectado. Su mini interruptor de viaje portador de fusible y cable de alimentaci\u00f3n de 1.8mts con protecci\u00f3n aseguran la m\u00e1xima seguridad.<\/p>\n","protected":false},"featured_media":984,"template":"","meta":[],"product_brand":[131],"product_cat":[120,142],"product_tag":[161,160,132],"class_list":{"0":"post-976","1":"product","2":"type-product","3":"status-publish","4":"has-post-thumbnail","6":"product_brand-vme","7":"product_cat-ups-interactiva","8":"product_cat-ups-vme-500va-2200va-interactiva","9":"product_tag-baterias-secas","10":"product_tag-ups-interactiva","11":"product_tag-vme","13":"first","14":"instock","15":"shipping-taxable","16":"product-type-simple"},"aioseo_notices":[],"_links":{"self":[{"href":"https:\/\/marketingads.co\/ups\/wp-json\/wp\/v2\/product\/976","targetHints":{"allow":["GET"]}}],"collection":[{"href":"https:\/\/marketingads.co\/ups\/wp-json\/wp\/v2\/product"}],"about":[{"href":"https:\/\/marketingads.co\/ups\/wp-json\/wp\/v2\/types\/product"}],"wp:featuredmedia":[{"embeddable":true,"href":"https:\/\/marketingads.co\/ups\/wp-json\/wp\/v2\/media\/984"}],"wp:attachment":[{"href":"https:\/\/marketingads.co\/ups\/wp-json\/wp\/v2\/media?parent=976"}],"wp:term":[{"taxonomy":"product_brand","embeddable":true,"href":"https:\/\/marketingads.co\/ups\/wp-json\/wp\/v2\/product_brand?post=976"},{"taxonomy":"product_cat","embeddable":true,"href":"https:\/\/marketingads.co\/ups\/wp-json\/wp\/v2\/product_cat?post=976"},{"taxonomy":"product_tag","embeddable":true,"href":"https:\/\/marketingads.co\/ups\/wp-json\/wp\/v2\/product_tag?post=976"}],"curies":[{"name":"wp","href":"https:\/\/api.w.org\/{rel}","templated":true}]}}