{"id":977,"date":"2025-07-04T16:08:10","date_gmt":"2025-07-04T21:08:10","guid":{"rendered":"https:\/\/marketingads.com.co\/ups\/?post_type=product&#038;p=977"},"modified":"2026-01-13T16:48:43","modified_gmt":"2026-01-13T16:48:43","slug":"ups-vme-500va-interactiva","status":"publish","type":"product","link":"https:\/\/marketingads.co\/ups\/producto\/ups-vme-500va-interactiva\/","title":{"rendered":"Ups VME 500VA Interactiva"},"content":{"rendered":"<p><span style=\"font-weight: 400;\">La l\u00ednea de<strong> Ups VME 500VA Interactiva<\/strong><\/span><span style=\"font-weight: 400;\">\u00a0son Ups ideales para el hogar o peque\u00f1as oficinas donde el consumo el\u00e9ctrico de sus equipos no exceda la capacidad de potencia el\u00e9ctrica que esta genera.\u00a0 Son de f\u00e1cil uso y mantenimiento, con est\u00e1ndares t\u00e9cnicos reconocidos RETIE. Su tama\u00f1o compacto permite que sean ubicadas en lugares reducidos.<\/span><\/p>\n<p><b>Aplicaciones:<\/b><span style=\"font-weight: 400;\"> Pc, Laptops, pc all in one, televisor, modem, Switches de comunicaciones, videojuegos, DVD, BLU-RAY, Teatro en casa, Barras de sonido, mezcladoras de sonido.<\/span><\/p>\n<p><b>Caracter\u00edsticas<\/b><\/p>\n<p><span style=\"font-weight: 400;\">La l\u00ednea de <strong>Ups VME 500VA Interactiva<\/strong><\/span><span style=\"font-weight: 400;\">, esta incre\u00edble serie incluye una gama de caracter\u00edsticas sobresalientes:<\/span><\/p>\n<ol>\n<li><b>certificaci\u00f3n RETIE E ISO 9001<\/b><\/li>\n<li><b>Bater\u00eda 12V\/5AH<\/b> interna<\/li>\n<li><b>Regulador o estabilizador de voltaje<\/b> de alta precisi\u00f3n y amplio rango de funcionamiento que reemplaza los estabilizadores el\u00e9ctricos convencionales.<\/li>\n<li><b>tomas de salida regulados<\/b> con backup de<a href=\"https:\/\/es.wikipedia.org\/wiki\/Bater%C3%ADa_AGM\"> bater\u00edas<\/a> (4 Tomas color negro)<\/li>\n<li><b>tomas Bypass<\/b> (2 Tomas Color Blanco)<\/li>\n<li><b>Porta fisible con Fusible<\/b> interno de T10AMP\/250V<\/li>\n<li><b>Cable de alimentaci\u00f3n<\/b> el\u00e9ctrica de 1.5mts con protecci\u00f3n en la clavija<\/li>\n<li><b>Led Luminoso indicador<\/b> de encendido y presencia de voltaje en la salida de las tomas<\/li>\n<\/ol>\n<p><span style=\"font-weight: 400;\">Voltajes Soportados (Entrada 120V, Salida 120 \u00b1 10%), Variaci\u00f3n de tensi\u00f3n de entrada 81 &#8211; 145V, Regulaci\u00f3n de Voltaje 120V +\/- 10%.<\/span><\/p>\n<p><span style=\"font-weight: 400;\">Cuando las condiciones de flujo el\u00e9ctrico son normales, el UPS le protege contra bajos y altos voltajes, mientras utilizan la energ\u00eda para cargar la bater\u00eda interna.<\/span><\/p>\n<h4>Aplicaciones en Diversos Sectores, Esta potente soluci\u00f3n encuentra su lugar en diversas industrias y negocios, como:<\/h4>\n<ul>\n<li>\ud83d\udcde <strong>Call Centers:<\/strong> Mant\u00e9n las comunicaciones ininterrumpidas y los datos protegidos durante cortes de energ\u00eda.<\/li>\n<li>\ud83d\udda5\ufe0f <strong>Servidores:<\/strong> Protege tus servidores y equipos de red para evitar p\u00e9rdidas de datos y tiempos de inactividad.<\/li>\n<li>\ud83c\udfe5 <strong>Sector M\u00e9dico:<\/strong> Asegura el funcionamiento continuo de equipos m\u00e9dicos y odontol\u00f3gicos cr\u00edticos para la atenci\u00f3n de pacientes.<\/li>\n<li>\ud83c\udfed <strong>Industria:<\/strong> Protege tus equipos industriales sensibles y evita da\u00f1os costosos debido a interrupciones de energ\u00eda.<\/li>\n<li>\ud83d\udc65 <strong>Empresas Medianas y Peque\u00f1as:<\/strong> Brinda tranquilidad a tu negocio sin importar su tama\u00f1o, asegurando la continuidad de operaciones esenciales.<\/li>\n<\/ul>\n<h4><strong>Recuerda que tambi\u00e9n contamos con el servicio de venta de equipos a nivel nacional:<\/strong><\/h4>\n<p>Venta <a href=\"https:\/\/upscomunicaciones.com\/categoria-producto\/ups-online\/?swcfpc=1\">UPS<\/a> tipo torre, venta UPS interactiva, venta de UPS tipo rack, venta UPS Smart APC, venta UPS modular, venta UPS escalable, venta UPS online, UPS paralelo, UPS hibrida, UPS solar, Inversor Solar, UPS en serie, UPS contingencia, bater\u00edas secas, tarjetas de control SNMP, inversores y <a href=\"https:\/\/es.wikipedia.org\/wiki\/Panel_solar\">paneles solares<\/a>.<\/p>\n<p>&nbsp;<\/p>\n","protected":false},"excerpt":{"rendered":"<p>El producto es un Sistema de Alimentaci\u00f3n Ininterrumpida (SAI) con certificaci\u00f3n RETIE e ISO 9001 que cuenta con una bater\u00eda interna de 12V\/5AH. Adem\u00e1s, tiene un regulador o estabilizador de voltaje de alta precisi\u00f3n y amplio rango de funcionamiento que sustituye a los estabilizadores el\u00e9ctricos tradicionales. Dispone de 4 tomas de salida reguladas con respaldo de bater\u00eda en color negro y 2 tomas Bypass en color blanco.<\/p>\n","protected":false},"featured_media":987,"template":"","meta":[],"product_brand":[131],"product_cat":[120,142],"product_tag":[160,132],"class_list":{"0":"post-977","1":"product","2":"type-product","3":"status-publish","4":"has-post-thumbnail","6":"product_brand-vme","7":"product_cat-ups-interactiva","8":"product_cat-ups-vme-500va-2200va-interactiva","9":"product_tag-ups-interactiva","10":"product_tag-vme","12":"first","13":"instock","14":"shipping-taxable","15":"product-type-simple"},"aioseo_notices":[],"_links":{"self":[{"href":"https:\/\/marketingads.co\/ups\/wp-json\/wp\/v2\/product\/977","targetHints":{"allow":["GET"]}}],"collection":[{"href":"https:\/\/marketingads.co\/ups\/wp-json\/wp\/v2\/product"}],"about":[{"href":"https:\/\/marketingads.co\/ups\/wp-json\/wp\/v2\/types\/product"}],"wp:featuredmedia":[{"embeddable":true,"href":"https:\/\/marketingads.co\/ups\/wp-json\/wp\/v2\/media\/987"}],"wp:attachment":[{"href":"https:\/\/marketingads.co\/ups\/wp-json\/wp\/v2\/media?parent=977"}],"wp:term":[{"taxonomy":"product_brand","embeddable":true,"href":"https:\/\/marketingads.co\/ups\/wp-json\/wp\/v2\/product_brand?post=977"},{"taxonomy":"product_cat","embeddable":true,"href":"https:\/\/marketingads.co\/ups\/wp-json\/wp\/v2\/product_cat?post=977"},{"taxonomy":"product_tag","embeddable":true,"href":"https:\/\/marketingads.co\/ups\/wp-json\/wp\/v2\/product_tag?post=977"}],"curies":[{"name":"wp","href":"https:\/\/api.w.org\/{rel}","templated":true}]}}